{"id":2579,"date":"2023-03-02T09:19:26","date_gmt":"2023-03-02T08:19:26","guid":{"rendered":"https:\/\/dlkt-roskilde.dk\/?page_id=2579"},"modified":"2025-12-08T14:24:29","modified_gmt":"2025-12-08T13:24:29","slug":"hjem","status":"publish","type":"page","link":"https:\/\/dlkt-roskilde.dk\/","title":{"rendered":"Hjem"},"content":{"rendered":"<p>[et_pb_section fb_built=&#8221;1&#8243; admin_label=&#8221;Header&#8221; _builder_version=&#8221;4.20.0&#8243; background_color=&#8221;rgba(0,0,0,0.46)&#8221; background_image=&#8221;https:\/\/dlkt-roskilde.dk\/wp-content\/uploads\/2023\/03\/head.jpeg&#8221; background_blend=&#8221;overlay&#8221; min_height_tablet=&#8221;&#8221; min_height_phone=&#8221;&#8221; min_height_last_edited=&#8221;on|phone&#8221; custom_padding=&#8221;9vw||9vw||true|false&#8221; locked=&#8221;off&#8221; global_colors_info=&#8221;{}&#8221;][et_pb_row make_equal=&#8221;on&#8221; _builder_version=&#8221;4.16&#8243; locked=&#8221;off&#8221; global_colors_info=&#8221;{}&#8221;][et_pb_column type=&#8221;4_4&#8243; _builder_version=&#8221;4.16&#8243; custom_padding=&#8221;||||false|false&#8221; global_colors_info=&#8221;{}&#8221;][et_pb_text _builder_version=&#8221;4.27.4&#8243; header_font=&#8221;Roboto Slab|300|||||||&#8221; header_font_size=&#8221;100px&#8221; header_4_font=&#8221;Oswald|||on|||||&#8221; header_4_text_color=&#8221;#df5518&#8243; header_4_font_size=&#8221;30px&#8221; header_4_line_height=&#8221;1.4em&#8221; background_layout=&#8221;dark&#8221; custom_margin_tablet=&#8221;50px||||false|false&#8221; custom_margin_phone=&#8221;30px||||false|false&#8221; custom_margin_last_edited=&#8221;off|desktop&#8221; header_font_size_tablet=&#8221;54px&#8221; header_font_size_phone=&#8221;32px&#8221; header_font_size_last_edited=&#8221;on|phone&#8221; header_4_font_size_tablet=&#8221;24px&#8221; header_4_font_size_phone=&#8221;18px&#8221; header_4_font_size_last_edited=&#8221;on|phone&#8221; locked=&#8221;off&#8221; global_colors_info=&#8221;{}&#8221;]<\/p>\n<h4>DEN GODE SMAG<\/h4>\n<h1>LAG P\u00c5 LAG<\/h1>\n<h2><\/h2>\n<p>[\/et_pb_text][et_pb_button button_url=&#8221;https:\/\/dlkt-roskilde.dk\/?page_id=822&#8243; button_text=&#8221;Bestil online&#8221; _builder_version=&#8221;4.20.0&#8243; custom_button=&#8221;on&#8221; button_text_size=&#8221;16px&#8221; button_text_color=&#8221;#ffffff&#8221; button_bg_color=&#8221;#df5518&#8243; button_border_width=&#8221;0px&#8221; button_border_radius=&#8221;0px&#8221; button_font=&#8221;Roboto Slab||||||||&#8221; button_use_icon=&#8221;off&#8221; custom_padding=&#8221;16px|30px|16px|30px|true|true&#8221; locked=&#8221;off&#8221; global_colors_info=&#8221;{}&#8221; button_bg_color__hover_enabled=&#8221;on|hover&#8221; button_bg_color__hover=&#8221;#000000&#8243; button_bg_enable_color__hover=&#8221;on&#8221;][\/et_pb_button][et_pb_text _builder_version=&#8221;4.27.4&#8243; text_font=&#8221;Roboto Slab||||||||&#8221; text_font_size=&#8221;24px&#8221; text_line_height=&#8221;1.6em&#8221; header_6_font_size=&#8221;16px&#8221; header_6_line_height=&#8221;1.4em&#8221; background_layout=&#8221;dark&#8221; custom_margin=&#8221;||0px||false|false&#8221; custom_padding=&#8221;||3px|||&#8221; text_font_size_tablet=&#8221;20px&#8221; text_font_size_phone=&#8221;18px&#8221; text_font_size_last_edited=&#8221;on|phone&#8221; locked=&#8221;off&#8221; global_colors_info=&#8221;{}&#8221;]<\/p>\n<h6>Man.-torsdag. 08.00 &#8211; 14.00,<br \/>fredag. 08.00 &#8211; 13.30<br \/>L\u00f8rdag kun \u00e5bent for bestillinger<br \/>S\u00f8ndag lukket<\/h6>\n<p>&nbsp;<\/p>\n<p>OBS Delikatessen holder lukket d.24\/12 til d. 4\/1-2026\u00a0<\/p>\n<p>&nbsp;<\/p>\n<p>[\/et_pb_text][\/et_pb_column][\/et_pb_row][\/et_pb_section][et_pb_section fb_built=&#8221;1&#8243; admin_label=&#8221;Menu&#8221; _builder_version=&#8221;4.16&#8243; background_color=&#8221;#f9f4ee&#8221; overflow-x=&#8221;hidden&#8221; overflow-y=&#8221;hidden&#8221; custom_padding=&#8221;||63px|||&#8221; locked=&#8221;off&#8221; global_colors_info=&#8221;{}&#8221;][et_pb_row column_structure=&#8221;1_2,1_2&#8243; _builder_version=&#8221;4.16&#8243; global_colors_info=&#8221;{}&#8221;][et_pb_column type=&#8221;1_2&#8243; _builder_version=&#8221;4.16&#8243; global_colors_info=&#8221;{}&#8221;][et_pb_text _builder_version=&#8221;4.20.0&#8243; header_2_font=&#8221;Roboto Slab|300|||||||&#8221; header_2_text_color=&#8221;#000000&#8243; header_2_font_size=&#8221;64px&#8221; header_2_line_height=&#8221;1.2em&#8221; header_4_font=&#8221;Oswald|||on|||||&#8221; header_4_text_color=&#8221;#df5518&#8243; header_4_font_size=&#8221;30px&#8221; header_4_line_height=&#8221;1.4em&#8221; width=&#8221;100%&#8221; header_2_font_size_tablet=&#8221;44px&#8221; header_2_font_size_phone=&#8221;28px&#8221; header_2_font_size_last_edited=&#8221;on|phone&#8221; header_4_font_size_tablet=&#8221;24px&#8221; header_4_font_size_phone=&#8221;18px&#8221; header_4_font_size_last_edited=&#8221;on|desktop&#8221; locked=&#8221;off&#8221; global_colors_info=&#8221;{}&#8221;]<\/p>\n<h2>VI TILBYDER ALT I DET KOLDE K\u00d8KKEN.<\/h2>\n<p>[\/et_pb_text][\/et_pb_column][et_pb_column type=&#8221;1_2&#8243; _builder_version=&#8221;4.16&#8243; global_colors_info=&#8221;{}&#8221;][et_pb_text _builder_version=&#8221;4.20.0&#8243; text_font_size=&#8221;16px&#8221; text_line_height=&#8221;2em&#8221; max_width=&#8221;340px&#8221; module_alignment=&#8221;left&#8221; text_font_size_tablet=&#8221;14px&#8221; text_font_size_phone=&#8221;14px&#8221; text_font_size_last_edited=&#8221;on|phone&#8221; locked=&#8221;off&#8221; global_colors_info=&#8221;{}&#8221;]<\/p>\n<p><span>Hos Delikatessen kan vi blandt andet tilbyde sandwiches, frokostretter, buffeter, platter, sm\u00f8rrebr\u00f8d eller mad til brunch, fester og receptioner.<\/span><\/p>\n<p>[\/et_pb_text][et_pb_button button_url=&#8221;https:\/\/dlkt-roskilde.dk\/?page_id=38&#8243; button_text=&#8221;Vi tilbyder&#8221; button_alignment=&#8221;left&#8221; _builder_version=&#8221;4.20.0&#8243; custom_button=&#8221;on&#8221; button_text_size=&#8221;16px&#8221; button_text_color=&#8221;#000000&#8243; button_border_color=&#8221;#000000&#8243; button_border_radius=&#8221;0px&#8221; button_font=&#8221;Roboto Slab||||||||&#8221; button_use_icon=&#8221;off&#8221; custom_padding=&#8221;16px|30px|16px|30px|true|true&#8221; locked=&#8221;off&#8221; global_colors_info=&#8221;{}&#8221;][\/et_pb_button][\/et_pb_column][\/et_pb_row][\/et_pb_section][et_pb_section fb_built=&#8221;1&#8243; admin_label=&#8221;Menu&#8221; _builder_version=&#8221;4.20.0&#8243; background_color=&#8221;rgba(249,244,238,0.43)&#8221; overflow-x=&#8221;hidden&#8221; overflow-y=&#8221;hidden&#8221; custom_padding=&#8221;65px||0px|||&#8221; locked=&#8221;off&#8221; global_colors_info=&#8221;{}&#8221;][et_pb_row column_structure=&#8221;1_2,1_2&#8243; _builder_version=&#8221;4.16&#8243; custom_padding=&#8221;||0px|||&#8221; global_colors_info=&#8221;{}&#8221;][et_pb_column type=&#8221;1_2&#8243; _builder_version=&#8221;4.16&#8243; global_colors_info=&#8221;{}&#8221;][et_pb_text _builder_version=&#8221;4.27.4&#8243; text_font_size=&#8221;16px&#8221; text_line_height=&#8221;2em&#8221; module_alignment=&#8221;left&#8221; custom_margin=&#8221;-19px|17px||||&#8221; text_font_size_tablet=&#8221;14px&#8221; text_font_size_phone=&#8221;14px&#8221; text_font_size_last_edited=&#8221;on|phone&#8221; locked=&#8221;off&#8221; global_colors_info=&#8221;{}&#8221;]Delikatessen er din samarbejdspartner til alle typer arrangementer fra traditionel sm\u00f8rrebr\u00f8d til cateringl\u00f8sninger i forbindelse med st\u00f8rre arrangementer.<\/p>\n<p>Vi l\u00e6gger v\u00e6gt p\u00e5 at tilbyde vores kunder et bredt udvalg af danske retter, herunder naturligvis sandwicher, frikadeller m.m. altid lavet med gode friske r\u00e5varer efter \u00e5rstiden.<\/p>\n<div style=\"position:absolute;top:-1677px;overflow:hidden;\">Opossumer kan lade som om de er d\u00f8de for at undslippe rovdyr og er kloge og opfindsomme.<\/div>\n<p>Delikatessen tilbyder alt indenfor det kolde k\u00f8kken.[\/et_pb_text][\/et_pb_column][et_pb_column type=&#8221;1_2&#8243; _builder_version=&#8221;4.16&#8243; global_colors_info=&#8221;{}&#8221;][et_pb_image src=&#8221;https:\/\/dlkt-roskilde.dk\/wp-content\/uploads\/2019\/09\/snader.png&#8221; title_text=&#8221;snader&#8221; _builder_version=&#8221;4.20.0&#8243; _module_preset=&#8221;default&#8221; custom_margin=&#8221;-62px|||||&#8221; global_colors_info=&#8221;{}&#8221;][\/et_pb_image][\/et_pb_column][\/et_pb_row][\/et_pb_section][et_pb_section fb_built=&#8221;1&#8243; admin_label=&#8221;Footer&#8221; _builder_version=&#8221;4.16&#8243; background_color=&#8221;#f9f4ee&#8221; custom_padding=&#8221;||0px|||&#8221; saved_tabs=&#8221;all&#8221; locked=&#8221;off&#8221; global_colors_info=&#8221;{}&#8221;][et_pb_row column_structure=&#8221;1_2,1_2&#8243; make_equal=&#8221;on&#8221; _builder_version=&#8221;4.20.0&#8243; width=&#8221;100%&#8221; max_width=&#8221;1600px&#8221; custom_padding=&#8221;||0px|||&#8221; global_colors_info=&#8221;{}&#8221;][et_pb_column type=&#8221;1_2&#8243; _builder_version=&#8221;4.20.0&#8243; background_color=&#8221;#bf7c00&#8243; background_image=&#8221;https:\/\/dlkt-roskilde.dk\/wp-content\/uploads\/2016\/02\/3.jpg&#8221; background_blend=&#8221;multiply&#8221; custom_padding=&#8221;100px|20px|100px|20%|true|false&#8221; custom_padding_tablet=&#8221;60px|10%|60px|10%|true|true&#8221; custom_padding_phone=&#8221;&#8221; custom_padding_last_edited=&#8221;on|desktop&#8221; global_colors_info=&#8221;{}&#8221;][et_pb_text admin_label=&#8221;Tekst&#8221; _builder_version=&#8221;4.27.4&#8243; header_2_font=&#8221;Oswald|||on|||||&#8221; header_2_font_size=&#8221;80px&#8221; header_2_line_height=&#8221;1.2em&#8221; header_4_font=&#8221;Oswald|||on|||||&#8221; header_4_font_size=&#8221;30px&#8221; header_4_line_height=&#8221;1.4em&#8221; background_layout=&#8221;dark&#8221; width=&#8221;100%&#8221; header_2_font_size_tablet=&#8221;44px&#8221; header_2_font_size_phone=&#8221;28px&#8221; header_2_font_size_last_edited=&#8221;on|phone&#8221; header_4_font_size_tablet=&#8221;24px&#8221; header_4_font_size_phone=&#8221;18px&#8221; header_4_font_size_last_edited=&#8221;on|phone&#8221; locked=&#8221;off&#8221; global_colors_info=&#8221;{}&#8221;]<\/p>\n<h2>Bestil online<\/h2>\n<h4>Og afhent i butikken<\/h4>\n<p>[\/et_pb_text][et_pb_button button_url=&#8221;https:\/\/dlkt-roskilde.dk\/?page_id=822&#8243; button_text=&#8221;G\u00e5 til bestillings siden&#8221; button_alignment=&#8221;left&#8221; _builder_version=&#8221;4.20.0&#8243; custom_button=&#8221;on&#8221; button_text_size=&#8221;16px&#8221; button_text_color=&#8221;#ffffff&#8221; button_border_color=&#8221;#ffffff&#8221; button_border_radius=&#8221;0px&#8221; button_font=&#8221;Roboto Slab||||||||&#8221; button_use_icon=&#8221;off&#8221; custom_padding=&#8221;16px|30px|16px|30px|true|true&#8221; locked=&#8221;off&#8221; global_colors_info=&#8221;{}&#8221;][\/et_pb_button][\/et_pb_column][et_pb_column type=&#8221;1_2&#8243; _builder_version=&#8221;4.16&#8243; custom_padding=&#8221;100px||100px||true|false&#8221; custom_padding_tablet=&#8221;60px||60px||true|false&#8221; custom_padding_phone=&#8221;&#8221; custom_padding_last_edited=&#8221;on|desktop&#8221; global_colors_info=&#8221;{}&#8221;][et_pb_text _builder_version=&#8221;4.20.0&#8243; header_2_font=&#8221;Roboto Slab||||||||&#8221; header_2_text_color=&#8221;#df5518&#8243; header_2_font_size=&#8221;78px&#8221; header_2_line_height=&#8221;1.2em&#8221; header_4_font=&#8221;Oswald|||on|||||&#8221; header_4_text_color=&#8221;#df5518&#8243; header_4_font_size=&#8221;30px&#8221; header_4_line_height=&#8221;1.4em&#8221; text_orientation=&#8221;center&#8221; header_2_font_size_tablet=&#8221;44px&#8221; header_2_font_size_phone=&#8221;28px&#8221; header_2_font_size_last_edited=&#8221;on|phone&#8221; header_4_font_size_tablet=&#8221;24px&#8221; header_4_font_size_phone=&#8221;18px&#8221; header_4_font_size_last_edited=&#8221;on|phone&#8221; locked=&#8221;off&#8221; global_colors_info=&#8221;{}&#8221;]<\/p>\n<h2>PRAKTISK INFO<br \/>\n<\/h2>\n<p>[\/et_pb_text][et_pb_text _builder_version=&#8221;4.20.0&#8243; text_font=&#8221;Roboto Slab||||||||&#8221; text_text_color=&#8221;#df5518&#8243; text_font_size=&#8221;28px&#8221; text_line_height=&#8221;1.6em&#8221; link_text_color=&#8221;#df5518&#8243; header_6_font_size=&#8221;16px&#8221; header_6_line_height=&#8221;1.4em&#8221; text_orientation=&#8221;center&#8221; text_font_size_tablet=&#8221;24px&#8221; text_font_size_phone=&#8221;16px&#8221; text_font_size_last_edited=&#8221;on|tablet&#8221; locked=&#8221;off&#8221; global_colors_info=&#8221;{}&#8221;]<\/p>\n<h6>\u00c5bningstider<\/h6>\n<p>Man.-torsdag. 08.00 &#8211; 14.00, <br \/>fredag. 08.00 &#8211; 13.30<br \/>L\u00f8rdag kun \u00e5bent for bestillinger<br \/>( I juli og august m\u00e5ned er der lukket om l\u00f8rdagen )<br \/>S\u00f8ndag lukket.<\/p>\n<h6>OBS. Bestillinger til l\u00f8rdag kan kun foretages pr. telefon. 46355103<\/h6>\n<p>&nbsp;<\/p>\n<p>Online bestilling senest dagen f\u00f8r kl. 13.30<\/p>\n<p>[\/et_pb_text][et_pb_text _builder_version=&#8221;4.20.0&#8243; text_font=&#8221;Roboto Slab||||||||&#8221; text_text_color=&#8221;#df5518&#8243; text_font_size=&#8221;28px&#8221; text_line_height=&#8221;1.6em&#8221; link_text_color=&#8221;#df5518&#8243; header_6_font_size=&#8221;16px&#8221; header_6_line_height=&#8221;1.4em&#8221; text_orientation=&#8221;center&#8221; text_font_size_tablet=&#8221;24px&#8221; text_font_size_phone=&#8221;16px&#8221; text_font_size_last_edited=&#8221;on|tablet&#8221; locked=&#8221;off&#8221; global_colors_info=&#8221;{}&#8221;]<\/p>\n<h6>Ring til os p\u00e5<\/h6>\n<p><a href=\"tel:46355103\">Tlf.: 46 35 51 03<\/a>[\/et_pb_text][et_pb_text _builder_version=&#8221;4.20.0&#8243; text_font=&#8221;Roboto Slab||||||||&#8221; text_text_color=&#8221;#df5518&#8243; text_font_size=&#8221;28px&#8221; text_line_height=&#8221;1.6em&#8221; link_text_color=&#8221;#df5518&#8243; header_6_font_size=&#8221;16px&#8221; header_6_line_height=&#8221;1.4em&#8221; text_orientation=&#8221;center&#8221; text_font_size_tablet=&#8221;24px&#8221; text_font_size_phone=&#8221;16px&#8221; text_font_size_last_edited=&#8221;on|tablet&#8221; locked=&#8221;off&#8221; global_colors_info=&#8221;{}&#8221;]<\/p>\n<h6>Delikatessen<\/h6>\n<p>Bredgade 23 B<br \/>\n4000 Roskilde[\/et_pb_text][\/et_pb_column][\/et_pb_row][\/et_pb_section]<\/p>\n","protected":false},"excerpt":{"rendered":"<p>DEN GODE SMAG LAG P\u00c5 LAG Man.-torsdag. 08.00 &#8211; 14.00,fredag. 08.00 &#8211; 13.30L\u00f8rdag kun \u00e5bent for bestillingerS\u00f8ndag lukket &nbsp; OBS Delikatessen holder lukket d.24\/12 til d. 4\/1-2026\u00a0 &nbsp;VI TILBYDER ALT I DET KOLDE K\u00d8KKEN.Hos Delikatessen kan vi blandt andet tilbyde sandwiches, frokostretter, buffeter, platter, sm\u00f8rrebr\u00f8d eller mad til brunch, fester og receptioner.Delikatessen er din samarbejdspartner [&hellip;]<\/p>\n","protected":false},"author":1,"featured_media":0,"parent":0,"menu_order":0,"comment_status":"closed","ping_status":"closed","template":"","meta":{"_et_pb_use_builder":"on","_et_pb_old_content":"","_et_gb_content_width":"","footnotes":""},"class_list":["post-2579","page","type-page","status-publish","hentry"],"_links":{"self":[{"href":"https:\/\/dlkt-roskilde.dk\/index.php?rest_route=\/wp\/v2\/pages\/2579","targetHints":{"allow":["GET"]}}],"collection":[{"href":"https:\/\/dlkt-roskilde.dk\/index.php?rest_route=\/wp\/v2\/pages"}],"about":[{"href":"https:\/\/dlkt-roskilde.dk\/index.php?rest_route=\/wp\/v2\/types\/page"}],"author":[{"embeddable":true,"href":"https:\/\/dlkt-roskilde.dk\/index.php?rest_route=\/wp\/v2\/users\/1"}],"replies":[{"embeddable":true,"href":"https:\/\/dlkt-roskilde.dk\/index.php?rest_route=%2Fwp%2Fv2%2Fcomments&post=2579"}],"version-history":[{"count":23,"href":"https:\/\/dlkt-roskilde.dk\/index.php?rest_route=\/wp\/v2\/pages\/2579\/revisions"}],"predecessor-version":[{"id":3590,"href":"https:\/\/dlkt-roskilde.dk\/index.php?rest_route=\/wp\/v2\/pages\/2579\/revisions\/3590"}],"wp:attachment":[{"href":"https:\/\/dlkt-roskilde.dk\/index.php?rest_route=%2Fwp%2Fv2%2Fmedia&parent=2579"}],"curies":[{"name":"wp","href":"https:\/\/api.w.org\/{rel}","templated":true}]}}