{"id":38,"date":"2016-02-23T10:21:40","date_gmt":"2016-02-23T10:21:40","guid":{"rendered":"http:\/\/dlkt-roskilde.dk\/wordpress\/?page_id=38"},"modified":"2025-09-10T14:38:02","modified_gmt":"2025-09-10T13:38:02","slug":"ydelser","status":"publish","type":"page","link":"https:\/\/dlkt-roskilde.dk\/?page_id=38","title":{"rendered":"Ydelser"},"content":{"rendered":"<p>[et_pb_section fb_built=&#8221;1&#8243; _builder_version=&#8221;4.20.0&#8243; background_color=&#8221;rgba(0,0,0,0.55)&#8221; background_image=&#8221;https:\/\/dlkt-roskilde.dk\/wp-content\/uploads\/2023\/03\/head.jpeg&#8221; background_blend=&#8221;overlay&#8221; global_colors_info=&#8221;{}&#8221;][et_pb_row _builder_version=&#8221;4.16&#8243; global_colors_info=&#8221;{}&#8221;][et_pb_column type=&#8221;4_4&#8243; _builder_version=&#8221;4.16&#8243; global_colors_info=&#8221;{}&#8221;][et_pb_text _builder_version=&#8221;4.16&#8243; header_text_color=&#8221;#ffffff&#8221; header_font_size=&#8221;69px&#8221; header_font_size_phone=&#8221;51px&#8221; header_font_size_last_edited=&#8221;off|phone&#8221; global_colors_info=&#8221;{}&#8221;]<\/p>\n<h1 style=\"text-align: center;\">YDELSER<\/h1>\n<p>[\/et_pb_text][\/et_pb_column][\/et_pb_row][\/et_pb_section][et_pb_section fb_built=&#8221;1&#8243; admin_label=&#8221;section&#8221; _builder_version=&#8221;4.16&#8243; global_colors_info=&#8221;{}&#8221;][et_pb_row column_structure=&#8221;1_2,1_2&#8243; admin_label=&#8221;row&#8221; _builder_version=&#8221;4.16&#8243; background_size=&#8221;initial&#8221; background_position=&#8221;top_left&#8221; background_repeat=&#8221;repeat&#8221; global_colors_info=&#8221;{}&#8221;][et_pb_column type=&#8221;1_2&#8243; _builder_version=&#8221;4.16&#8243; custom_padding=&#8221;|||&#8221; global_colors_info=&#8221;{}&#8221; custom_padding__hover=&#8221;|||&#8221;][et_pb_text admin_label=&#8221;Text&#8221; _builder_version=&#8221;4.16&#8243; background_size=&#8221;initial&#8221; background_position=&#8221;top_left&#8221; background_repeat=&#8221;repeat&#8221; global_colors_info=&#8221;{}&#8221;]Blandt nogle af vores ydelser kan n\u00e6vnes.<\/p>\n<ul>\n<li>Alt til receptioner<\/li>\n<li>Frokostretter<\/li>\n<li>Buffeter<\/li>\n<li>Platter<\/li>\n<li>Stort udvalg af alle typer sm\u00f8rrebr\u00f8d<\/li>\n<li>L\u00e6kre sandwicher<\/li>\n<\/ul>\n<p>Vi skr\u00e6ddersyer l\u00f8sninger efter \u00f8nske og behov til alle typer arrangementer. Ring eller kik forbi butikken for mere information.[\/et_pb_text][\/et_pb_column][et_pb_column type=&#8221;1_2&#8243; _builder_version=&#8221;4.16&#8243; custom_padding=&#8221;|||&#8221; global_colors_info=&#8221;{}&#8221; custom_padding__hover=&#8221;|||&#8221;][et_pb_image src=&#8221;https:\/\/dlkt-roskilde.dk\/wp-content\/uploads\/2016\/02\/3.jpg&#8221; title_text=&#8221;woman uses a smartphone&#8221; _builder_version=&#8221;4.20.0&#8243; _module_preset=&#8221;default&#8221; global_colors_info=&#8221;{}&#8221;][\/et_pb_image][\/et_pb_column][\/et_pb_row][\/et_pb_section][et_pb_section fb_built=&#8221;1&#8243; admin_label=&#8221;Footer&#8221; _builder_version=&#8221;4.16&#8243; background_color=&#8221;#f9f4ee&#8221; custom_padding=&#8221;||0px|||&#8221; saved_tabs=&#8221;all&#8221; locked=&#8221;off&#8221; global_colors_info=&#8221;{}&#8221;][et_pb_row column_structure=&#8221;1_2,1_2&#8243; make_equal=&#8221;on&#8221; _builder_version=&#8221;4.20.0&#8243; width=&#8221;100%&#8221; max_width=&#8221;1600px&#8221; custom_padding=&#8221;||0px|||&#8221; global_colors_info=&#8221;{}&#8221;][et_pb_column type=&#8221;1_2&#8243; _builder_version=&#8221;4.20.0&#8243; background_color=&#8221;#bf7c00&#8243; background_image=&#8221;https:\/\/dlkt-roskilde.dk\/wp-content\/uploads\/2016\/02\/3.jpg&#8221; background_blend=&#8221;multiply&#8221; custom_padding=&#8221;100px|20px|100px|20%|true|false&#8221; custom_padding_tablet=&#8221;60px|10%|60px|10%|true|true&#8221; custom_padding_phone=&#8221;&#8221; custom_padding_last_edited=&#8221;on|desktop&#8221; global_colors_info=&#8221;{}&#8221;][et_pb_text _builder_version=&#8221;4.20.0&#8243; header_2_font=&#8221;Oswald|||on|||||&#8221; header_2_font_size=&#8221;80px&#8221; header_2_line_height=&#8221;1.2em&#8221; header_4_font=&#8221;Oswald|||on|||||&#8221; header_4_font_size=&#8221;30px&#8221; header_4_line_height=&#8221;1.4em&#8221; background_layout=&#8221;dark&#8221; width=&#8221;100%&#8221; header_2_font_size_tablet=&#8221;44px&#8221; header_2_font_size_phone=&#8221;28px&#8221; header_2_font_size_last_edited=&#8221;on|phone&#8221; header_4_font_size_tablet=&#8221;24px&#8221; header_4_font_size_phone=&#8221;18px&#8221; header_4_font_size_last_edited=&#8221;on|phone&#8221; locked=&#8221;off&#8221; global_colors_info=&#8221;{}&#8221;]<\/p>\n<h4>Bestil online<\/h4>\n<h2>Og afhent i butikken<\/h2>\n<p>[\/et_pb_text][et_pb_button button_url=&#8221;https:\/\/dlkt-roskilde.dk\/?page_id=822&#8243; button_text=&#8221;G\u00e5 til bestillings siden&#8221; button_alignment=&#8221;left&#8221; _builder_version=&#8221;4.20.0&#8243; custom_button=&#8221;on&#8221; button_text_size=&#8221;16px&#8221; button_text_color=&#8221;#ffffff&#8221; button_border_color=&#8221;#ffffff&#8221; button_border_radius=&#8221;0px&#8221; button_font=&#8221;Roboto Slab||||||||&#8221; button_use_icon=&#8221;off&#8221; custom_padding=&#8221;16px|30px|16px|30px|true|true&#8221; locked=&#8221;off&#8221; global_colors_info=&#8221;{}&#8221;][\/et_pb_button][\/et_pb_column][et_pb_column type=&#8221;1_2&#8243; _builder_version=&#8221;4.16&#8243; custom_padding=&#8221;100px||100px||true|false&#8221; custom_padding_tablet=&#8221;60px||60px||true|false&#8221; custom_padding_phone=&#8221;&#8221; custom_padding_last_edited=&#8221;on|desktop&#8221; global_colors_info=&#8221;{}&#8221;][et_pb_text _builder_version=&#8221;4.20.0&#8243; header_2_font=&#8221;Roboto Slab||||||||&#8221; header_2_text_color=&#8221;#df5518&#8243; header_2_font_size=&#8221;78px&#8221; header_2_line_height=&#8221;1.2em&#8221; header_4_font=&#8221;Oswald|||on|||||&#8221; header_4_text_color=&#8221;#df5518&#8243; header_4_font_size=&#8221;30px&#8221; header_4_line_height=&#8221;1.4em&#8221; text_orientation=&#8221;center&#8221; header_2_font_size_tablet=&#8221;44px&#8221; header_2_font_size_phone=&#8221;28px&#8221; header_2_font_size_last_edited=&#8221;on|phone&#8221; header_4_font_size_tablet=&#8221;24px&#8221; header_4_font_size_phone=&#8221;18px&#8221; header_4_font_size_last_edited=&#8221;on|phone&#8221; locked=&#8221;off&#8221; global_colors_info=&#8221;{}&#8221;]<\/p>\n<h2>PRAKTISK INFO<br \/>\n<\/h2>\n<p>[\/et_pb_text][et_pb_text _builder_version=&#8221;4.20.0&#8243; text_font=&#8221;Roboto Slab||||||||&#8221; text_text_color=&#8221;#df5518&#8243; text_font_size=&#8221;28px&#8221; text_line_height=&#8221;1.6em&#8221; link_text_color=&#8221;#df5518&#8243; header_6_font_size=&#8221;16px&#8221; header_6_line_height=&#8221;1.4em&#8221; text_orientation=&#8221;center&#8221; text_font_size_tablet=&#8221;24px&#8221; text_font_size_phone=&#8221;16px&#8221; text_font_size_last_edited=&#8221;on|tablet&#8221; locked=&#8221;off&#8221; global_colors_info=&#8221;{}&#8221;]<\/p>\n<h6>\u00c5bningstider<\/h6>\n<p>Man.-torsdag. 08.00 &#8211; 14.00, <br \/>fredag. 08.00 &#8211; 13.30<br \/><span style=\"font-size: 28px;\">L\u00f8rdag kun \u00e5bent for bestillinger<\/span><\/p>\n<p>( I juli og august m\u00e5ned er der lukket om l\u00f8rdagen )<br \/>S\u00f8ndag lukket.<\/p>\n<h6>OBS. Bestillinger til l\u00f8rdag kan kun foretages pr. telefon. 46355103<\/h6>\n<p>&nbsp;<\/p>\n<p>Online bestilling senest dagen f\u00f8r kl. 14.00<\/p>\n<p>[\/et_pb_text][et_pb_text _builder_version=&#8221;4.20.0&#8243; text_font=&#8221;Roboto Slab||||||||&#8221; text_text_color=&#8221;#df5518&#8243; text_font_size=&#8221;28px&#8221; text_line_height=&#8221;1.6em&#8221; link_text_color=&#8221;#df5518&#8243; header_6_font_size=&#8221;16px&#8221; header_6_line_height=&#8221;1.4em&#8221; text_orientation=&#8221;center&#8221; text_font_size_tablet=&#8221;24px&#8221; text_font_size_phone=&#8221;16px&#8221; text_font_size_last_edited=&#8221;on|tablet&#8221; locked=&#8221;off&#8221; global_colors_info=&#8221;{}&#8221;]<\/p>\n<h6>Ring til os p\u00e5<\/h6>\n<p><a href=\"tel:46355103\">Tlf.: 46 35 51 03<\/a>[\/et_pb_text][et_pb_text _builder_version=&#8221;4.20.0&#8243; text_font=&#8221;Roboto Slab||||||||&#8221; text_text_color=&#8221;#df5518&#8243; text_font_size=&#8221;28px&#8221; text_line_height=&#8221;1.6em&#8221; link_text_color=&#8221;#df5518&#8243; header_6_font_size=&#8221;16px&#8221; header_6_line_height=&#8221;1.4em&#8221; text_orientation=&#8221;center&#8221; text_font_size_tablet=&#8221;24px&#8221; text_font_size_phone=&#8221;16px&#8221; text_font_size_last_edited=&#8221;on|tablet&#8221; locked=&#8221;off&#8221; global_colors_info=&#8221;{}&#8221;]<\/p>\n<h6>Delikatessen<\/h6>\n<p>Bredgade 23 B<br \/>\n4000 Roskilde[\/et_pb_text][\/et_pb_column][\/et_pb_row][\/et_pb_section]<\/p>\n","protected":false},"excerpt":{"rendered":"<p>YDELSERBlandt nogle af vores ydelser kan n\u00e6vnes. Alt til receptioner Frokostretter Buffeter Platter Stort udvalg af alle typer sm\u00f8rrebr\u00f8d L\u00e6kre sandwicher Vi skr\u00e6ddersyer l\u00f8sninger efter \u00f8nske og behov til alle typer arrangementer. Ring eller kik forbi butikken for mere information.Bestil online Og afhent i butikkenPRAKTISK INFO \u00c5bningstider Man.-torsdag. 08.00 &#8211; 14.00, fredag. 08.00 &#8211; 13.30L\u00f8rdag [&hellip;]<\/p>\n","protected":false},"author":1,"featured_media":0,"parent":0,"menu_order":0,"comment_status":"closed","ping_status":"closed","template":"","meta":{"_et_pb_use_builder":"on","_et_pb_old_content":"Blandt nogle af vores ydelser kan n\u00e6vnes.\r\n<ul>\r\n\t<li>Alt til receptioner<\/li>\r\n\t<li>Frokostretter<\/li>\r\n\t<li>Buffeter<\/li>\r\n\t<li>Platter<\/li>\r\n\t<li>Stort udvalg af alle typer sm\u00f8rrebr\u00f8d<\/li>\r\n\t<li>L\u00e6kre sandwicher<\/li>\r\n<\/ul>\r\nVi skr\u00e6ddersyer l\u00f8sninger efter \u00f8nske og behov til alle typer arrangementer. Ring eller kik forbi butikken for mere information.","_et_gb_content_width":"","footnotes":""},"class_list":["post-38","page","type-page","status-publish","hentry"],"_links":{"self":[{"href":"https:\/\/dlkt-roskilde.dk\/index.php?rest_route=\/wp\/v2\/pages\/38","targetHints":{"allow":["GET"]}}],"collection":[{"href":"https:\/\/dlkt-roskilde.dk\/index.php?rest_route=\/wp\/v2\/pages"}],"about":[{"href":"https:\/\/dlkt-roskilde.dk\/index.php?rest_route=\/wp\/v2\/types\/page"}],"author":[{"embeddable":true,"href":"https:\/\/dlkt-roskilde.dk\/index.php?rest_route=\/wp\/v2\/users\/1"}],"replies":[{"embeddable":true,"href":"https:\/\/dlkt-roskilde.dk\/index.php?rest_route=%2Fwp%2Fv2%2Fcomments&post=38"}],"version-history":[{"count":9,"href":"https:\/\/dlkt-roskilde.dk\/index.php?rest_route=\/wp\/v2\/pages\/38\/revisions"}],"predecessor-version":[{"id":3401,"href":"https:\/\/dlkt-roskilde.dk\/index.php?rest_route=\/wp\/v2\/pages\/38\/revisions\/3401"}],"wp:attachment":[{"href":"https:\/\/dlkt-roskilde.dk\/index.php?rest_route=%2Fwp%2Fv2%2Fmedia&parent=38"}],"curies":[{"name":"wp","href":"https:\/\/api.w.org\/{rel}","templated":true}]}}