{"id":43,"date":"2016-02-23T10:21:36","date_gmt":"2016-02-23T10:21:36","guid":{"rendered":"http:\/\/dlkt-roskilde.dk\/wordpress\/?page_id=43"},"modified":"2025-03-19T13:57:28","modified_gmt":"2025-03-19T12:57:28","slug":"handmadder","status":"publish","type":"page","link":"https:\/\/dlkt-roskilde.dk\/?page_id=43","title":{"rendered":"H\u00e5ndmadder"},"content":{"rendered":"<p>[et_pb_section fb_built=&#8221;1&#8243; _builder_version=&#8221;4.16&#8243; global_colors_info=&#8221;{}&#8221;][et_pb_row _builder_version=&#8221;4.16&#8243; background_size=&#8221;initial&#8221; background_position=&#8221;top_left&#8221; background_repeat=&#8221;repeat&#8221; global_colors_info=&#8221;{}&#8221;][et_pb_column type=&#8221;4_4&#8243; _builder_version=&#8221;4.16&#8243; custom_padding=&#8221;|||&#8221; global_colors_info=&#8221;{}&#8221; custom_padding__hover=&#8221;|||&#8221;][et_pb_text _builder_version=&#8221;4.20.0&#8243; background_size=&#8221;initial&#8221; background_position=&#8221;top_left&#8221; background_repeat=&#8221;repeat&#8221; global_colors_info=&#8221;{}&#8221;]<\/p>\n<table border=\"1\" cellspacing=\"0\" cellpadding=\"0\">\n<tbody>\n<tr>\n<td valign=\"top\" width=\"384\">\n<div align=\"center\">SM\u00d8RREBR\u00d8D<\/div>\n<div align=\"center\">Pris pr. stk. kr. 20,-<\/div>\n<\/td>\n<td valign=\"top\" width=\"96\">\n<div align=\"center\">ANTAL<\/div>\n<\/td>\n<\/tr>\n<tr>\n<td valign=\"top\" width=\"384\">\n<div>Leverpostej m. bacon<\/div>\n<\/td>\n<td valign=\"top\" width=\"96\">\u00a0<\/td>\n<\/tr>\n<tr>\n<td valign=\"top\" width=\"384\">\n<div>Frikadelle m. r\u00f8dk\u00e5l, surt<\/div>\n<\/td>\n<td valign=\"top\" width=\"96\">\u00a0<\/td>\n<\/tr>\n<tr>\n<td valign=\"top\" width=\"384\">\n<div>Fl\u00e6skesteg m. r\u00f8dk\u00e5l, surt<\/div>\n<\/td>\n<td valign=\"top\" width=\"96\">\u00a0<\/td>\n<\/tr>\n<tr>\n<td valign=\"top\" width=\"384\">\n<div>Roastbeef m. remoulade, rist. l\u00f8g<\/div>\n<\/td>\n<td valign=\"top\" width=\"96\">\u00a0<\/td>\n<\/tr>\n<tr>\n<td valign=\"top\" width=\"384\">\n<div>Dyrl\u00e6gens natmad<\/div>\n<\/td>\n<td valign=\"top\" width=\"96\">\u00a0<\/td>\n<\/tr>\n<tr>\n<td valign=\"top\" width=\"384\">\n<div>Oksebryst m. peberrod, pickles<\/div>\n<\/td>\n<td valign=\"top\" width=\"96\">\u00a0<\/td>\n<\/tr>\n<tr>\n<td valign=\"top\" width=\"384\">\n<div>Fiskefilet m. remoulade<\/div>\n<\/td>\n<td valign=\"top\" width=\"96\">\u00a0<\/td>\n<\/tr>\n<tr>\n<td valign=\"top\" width=\"384\">\n<div>\u00c6g m. rejer, mayonaise<\/div>\n<\/td>\n<td valign=\"top\" width=\"96\">\u00a0<\/td>\n<\/tr>\n<tr>\n<td valign=\"top\" width=\"384\">\n<div>\u00c6g m. karrymayonaise, bacon<\/div>\n<\/td>\n<td valign=\"top\" width=\"96\">\u00a0<\/td>\n<\/tr>\n<tr>\n<td valign=\"top\" width=\"384\">\n<div>\u00c6g og tomat<\/div>\n<\/td>\n<td valign=\"top\" width=\"96\">\u00a0<\/td>\n<\/tr>\n<tr>\n<td valign=\"top\" width=\"384\">\n<div>\u00c6g m. benfri sild<\/div>\n<\/td>\n<td valign=\"top\" width=\"96\">\u00a0<\/td>\n<\/tr>\n<tr>\n<td valign=\"top\" width=\"384\">\n<div>\u00c6g m. karrysalat, marineret sild<\/div>\n<\/td>\n<td valign=\"top\" width=\"96\">\u00a0<\/td>\n<\/tr>\n<tr>\n<td valign=\"top\" width=\"384\">\n<div>\u00c6ggekage m. bacon<\/div>\n<\/td>\n<td valign=\"top\" width=\"96\">\u00a0<\/td>\n<\/tr>\n<tr>\n<td valign=\"top\" width=\"384\">\n<div>Torskerogn m. remoulade<\/div>\n<\/td>\n<td valign=\"top\" width=\"96\">\u00a0<\/td>\n<\/tr>\n<tr>\n<td valign=\"top\" width=\"384\">\n<div>Torskerogn m. mayonaise, rejer<\/div>\n<\/td>\n<td valign=\"top\" width=\"96\">\u00a0<\/td>\n<\/tr>\n<tr>\n<td valign=\"top\" width=\"384\">\n<div>Kartoffel m. r\u00e5 l\u00f8g<\/div>\n<\/td>\n<td valign=\"top\" width=\"96\">\u00a0<\/td>\n<\/tr>\n<tr>\n<td valign=\"top\" width=\"384\">\n<div>Kartoffel m. rist. l\u00f8g<\/div>\n<\/td>\n<td valign=\"top\" width=\"96\">\u00a0<\/td>\n<\/tr>\n<tr>\n<td valign=\"top\" width=\"384\">\n<div>Tomat m. r\u00e5 l\u00f8g<\/div>\n<\/td>\n<td valign=\"top\" width=\"96\">\u00a0<\/td>\n<\/tr>\n<tr>\n<td valign=\"top\" width=\"384\">\n<div><\/div>\n<\/td>\n<td valign=\"top\" width=\"96\">\u00a0<\/td>\n<\/tr>\n<tr>\n<td valign=\"top\" width=\"384\">Skinkesalat<\/td>\n<td valign=\"top\" width=\"96\">\u00a0<\/td>\n<\/tr>\n<tr>\n<td valign=\"top\" width=\"384\">\n<div>Makrelsalat<\/div>\n<\/td>\n<td valign=\"top\" width=\"96\">\u00a0<\/td>\n<\/tr>\n<tr>\n<td valign=\"top\" width=\"384\">\n<div>H\u00f8nsesalat<\/div>\n<\/td>\n<td valign=\"top\" width=\"96\">\u00a0<\/td>\n<\/tr>\n<tr>\n<td valign=\"top\" width=\"384\">\n<div>\u00c6blefl\u00e6sk<\/div>\n<\/td>\n<td valign=\"top\" width=\"96\">\u00a0<\/td>\n<\/tr>\n<tr>\n<td valign=\"top\" width=\"384\">\n<div>Skinke m. italiensk salat<\/div>\n<\/td>\n<td valign=\"top\" width=\"96\">\u00a0<\/td>\n<\/tr>\n<tr>\n<td valign=\"top\" width=\"384\">\n<div>Spegep\u00f8lse m. r\u00e5 l\u00f8g<\/div>\n<\/td>\n<td valign=\"top\" width=\"96\">\u00a0<\/td>\n<\/tr>\n<tr>\n<td valign=\"top\" width=\"384\">\n<div>Spegep\u00f8lse m. remoulade, rist. l\u00f8g<\/div>\n<\/td>\n<td valign=\"top\" width=\"96\">\u00a0<\/td>\n<\/tr>\n<tr>\n<td valign=\"top\" width=\"384\">\n<div>Rullep\u00f8lse m. r\u00e5 l\u00f8g<\/div>\n<\/td>\n<td valign=\"top\" width=\"96\">\u00a0<\/td>\n<\/tr>\n<tr>\n<td valign=\"top\" width=\"384\">\n<div>R\u00f8get filet m. r\u00f8r\u00e6g<\/div>\n<\/td>\n<td valign=\"top\" width=\"96\">\u00a0<\/td>\n<\/tr>\n<tr>\n<td valign=\"top\" width=\"384\">\n<div>Kalkun m. bacon<\/div>\n<\/td>\n<td valign=\"top\" width=\"96\">\u00a0<\/td>\n<\/tr>\n<tr>\n<td valign=\"top\" width=\"384\">\n<div>K\u00f8dp\u00f8lse m. remoulade, rist. l\u00f8g<\/div>\n<\/td>\n<td valign=\"top\" width=\"96\">\u00a0<\/td>\n<\/tr>\n<tr>\n<td valign=\"top\" width=\"384\">\n<div>Stegt lever m. bl\u00f8de l\u00f8g, agurkesalat<\/div>\n<\/td>\n<td valign=\"top\" width=\"96\">\u00a0<\/td>\n<\/tr>\n<tr>\n<td valign=\"top\" width=\"384\">\n<div>Hakkeb\u00f8f m. bl\u00f8de l\u00f8g, r\u00f8dbede<\/div>\n<\/td>\n<td valign=\"top\" width=\"96\">\u00a0<\/td>\n<\/tr>\n<\/tbody>\n<\/table>\n<p>[\/et_pb_text][\/et_pb_column][\/et_pb_row][\/et_pb_section]<\/p>\n","protected":false},"excerpt":{"rendered":"<p>SM\u00d8RREBR\u00d8D Pris pr. stk. kr. 20,- ANTAL Leverpostej m. bacon \u00a0 Frikadelle m. r\u00f8dk\u00e5l, surt \u00a0 Fl\u00e6skesteg m. r\u00f8dk\u00e5l, surt \u00a0 Roastbeef m. remoulade, rist. l\u00f8g \u00a0 Dyrl\u00e6gens natmad \u00a0 Oksebryst m. peberrod, pickles \u00a0 Fiskefilet m. remoulade \u00a0 \u00c6g m. rejer, mayonaise \u00a0 \u00c6g m. karrymayonaise, bacon \u00a0 \u00c6g og tomat \u00a0 \u00c6g m. [&hellip;]<\/p>\n","protected":false},"author":1,"featured_media":0,"parent":0,"menu_order":0,"comment_status":"closed","ping_status":"closed","template":"","meta":{"_et_pb_use_builder":"on","_et_pb_old_content":"<table border=\"1\" cellspacing=\"0\" cellpadding=\"0\">\r\n<tbody>\r\n<tr>\r\n<td valign=\"top\" width=\"384\">\r\n<div align=\"center\">SM\u00d8RREBR\u00d8D<\/div>\r\n<div align=\"center\">Pris pr. stk. kr. 18,-<\/div><\/td>\r\n<td valign=\"top\" width=\"96\">\r\n<div align=\"center\">ANTAL<\/div><\/td>\r\n<\/tr>\r\n<tr>\r\n<td valign=\"top\" width=\"384\">\r\n<div>Leverpostej m. bacon<\/div><\/td>\r\n<td valign=\"top\" width=\"96\"><\/td>\r\n<\/tr>\r\n<tr>\r\n<td valign=\"top\" width=\"384\">\r\n<div>Frikadelle m. r\u00f8dk\u00e5l, surt<\/div><\/td>\r\n<td valign=\"top\" width=\"96\"><\/td>\r\n<\/tr>\r\n<tr>\r\n<td valign=\"top\" width=\"384\">\r\n<div>Fl\u00e6skesteg m. r\u00f8dk\u00e5l, surt<\/div><\/td>\r\n<td valign=\"top\" width=\"96\"><\/td>\r\n<\/tr>\r\n<tr>\r\n<td valign=\"top\" width=\"384\">\r\n<div>Roastbeef m. remoulade, rist. l\u00f8g<\/div><\/td>\r\n<td valign=\"top\" width=\"96\"><\/td>\r\n<\/tr>\r\n<tr>\r\n<td valign=\"top\" width=\"384\">\r\n<div>Dyrl\u00e6gens natmad<\/div><\/td>\r\n<td valign=\"top\" width=\"96\"><\/td>\r\n<\/tr>\r\n<tr>\r\n<td valign=\"top\" width=\"384\">\r\n<div>Oksebryst m. peberrod, pickles<\/div><\/td>\r\n<td valign=\"top\" width=\"96\"><\/td>\r\n<\/tr>\r\n<tr>\r\n<td valign=\"top\" width=\"384\">\r\n<div>Fiskefilet m. remoulade<\/div><\/td>\r\n<td valign=\"top\" width=\"96\"><\/td>\r\n<\/tr>\r\n<tr>\r\n<td valign=\"top\" width=\"384\">\r\n<div>\u00c6g m. rejer, mayonaise<\/div><\/td>\r\n<td valign=\"top\" width=\"96\"><\/td>\r\n<\/tr>\r\n<tr>\r\n<td valign=\"top\" width=\"384\">\r\n<div>\u00c6g m. karrymayonaise, bacon<\/div><\/td>\r\n<td valign=\"top\" width=\"96\"><\/td>\r\n<\/tr>\r\n<tr>\r\n<td valign=\"top\" width=\"384\">\r\n<div>\u00c6g og tomat<\/div><\/td>\r\n<td valign=\"top\" width=\"96\"><\/td>\r\n<\/tr>\r\n<tr>\r\n<td valign=\"top\" width=\"384\">\r\n<div>\u00c6g m. benfri sild<\/div><\/td>\r\n<td valign=\"top\" width=\"96\"><\/td>\r\n<\/tr>\r\n<tr>\r\n<td valign=\"top\" width=\"384\">\r\n<div>\u00c6g m. karrysalat, marineret sild<\/div><\/td>\r\n<td valign=\"top\" width=\"96\"><\/td>\r\n<\/tr>\r\n<tr>\r\n<td valign=\"top\" width=\"384\">\r\n<div>\u00c6ggekage m. bacon<\/div><\/td>\r\n<td valign=\"top\" width=\"96\"><\/td>\r\n<\/tr>\r\n<tr>\r\n<td valign=\"top\" width=\"384\">\r\n<div>Torskerogn m. remoulade<\/div><\/td>\r\n<td valign=\"top\" width=\"96\"><\/td>\r\n<\/tr>\r\n<tr>\r\n<td valign=\"top\" width=\"384\">\r\n<div>Torskerogn m. mayonaise, rejer<\/div><\/td>\r\n<td valign=\"top\" width=\"96\"><\/td>\r\n<\/tr>\r\n<tr>\r\n<td valign=\"top\" width=\"384\">\r\n<div>Kartoffel m. r\u00e5 l\u00f8g<\/div><\/td>\r\n<td valign=\"top\" width=\"96\"><\/td>\r\n<\/tr>\r\n<tr>\r\n<td valign=\"top\" width=\"384\">\r\n<div>Kartoffel m. rist. l\u00f8g<\/div><\/td>\r\n<td valign=\"top\" width=\"96\"><\/td>\r\n<\/tr>\r\n<tr>\r\n<td valign=\"top\" width=\"384\">\r\n<div>Tomat m. r\u00e5 l\u00f8g<\/div><\/td>\r\n<td valign=\"top\" width=\"96\"><\/td>\r\n<\/tr>\r\n<tr>\r\n<td valign=\"top\" width=\"384\">\r\n<div>Skinkesalat<\/div><\/td>\r\n<td valign=\"top\" width=\"96\"><\/td>\r\n<\/tr>\r\n<tr>\r\n<td valign=\"top\" width=\"384\">\r\n<div>Wienersalat<\/div><\/td>\r\n<td valign=\"top\" width=\"96\"><\/td>\r\n<\/tr>\r\n<tr>\r\n<td valign=\"top\" width=\"384\">\r\n<div>Makrelsalat<\/div><\/td>\r\n<td valign=\"top\" width=\"96\"><\/td>\r\n<\/tr>\r\n<tr>\r\n<td valign=\"top\" width=\"384\">\r\n<div>H\u00f8nsesalat<\/div><\/td>\r\n<td valign=\"top\" width=\"96\"><\/td>\r\n<\/tr>\r\n<tr>\r\n<td valign=\"top\" width=\"384\">\r\n<div>\u00c6blefl\u00e6sk<\/div><\/td>\r\n<td valign=\"top\" width=\"96\"><\/td>\r\n<\/tr>\r\n<tr>\r\n<td valign=\"top\" width=\"384\">\r\n<div>Skinke m. italiensk salat<\/div><\/td>\r\n<td valign=\"top\" width=\"96\"><\/td>\r\n<\/tr>\r\n<tr>\r\n<td valign=\"top\" width=\"384\">\r\n<div>Spegep\u00f8lse m. r\u00e5 l\u00f8g<\/div><\/td>\r\n<td valign=\"top\" width=\"96\"><\/td>\r\n<\/tr>\r\n<tr>\r\n<td valign=\"top\" width=\"384\">\r\n<div>Spegep\u00f8lse m. remoulade, rist. l\u00f8g<\/div><\/td>\r\n<td valign=\"top\" width=\"96\"><\/td>\r\n<\/tr>\r\n<tr>\r\n<td valign=\"top\" width=\"384\">\r\n<div>Rullep\u00f8lse m. r\u00e5 l\u00f8g<\/div><\/td>\r\n<td valign=\"top\" width=\"96\"><\/td>\r\n<\/tr>\r\n<tr>\r\n<td valign=\"top\" width=\"384\">\r\n<div>R\u00f8get filet m. r\u00f8r\u00e6g<\/div><\/td>\r\n<td valign=\"top\" width=\"96\"><\/td>\r\n<\/tr>\r\n<tr>\r\n<td valign=\"top\" width=\"384\">\r\n<div>Kalkun m. bacon<\/div><\/td>\r\n<td valign=\"top\" width=\"96\"><\/td>\r\n<\/tr>\r\n<tr>\r\n<td valign=\"top\" width=\"384\">\r\n<div>K\u00f8dp\u00f8lse m. remoulade, rist. l\u00f8g<\/div><\/td>\r\n<td valign=\"top\" width=\"96\"><\/td>\r\n<\/tr>\r\n<tr>\r\n<td valign=\"top\" width=\"384\">\r\n<div>Stegt lever m. bl\u00f8de l\u00f8g, agurkesalat<\/div><\/td>\r\n<td valign=\"top\" width=\"96\"><\/td>\r\n<\/tr>\r\n<tr>\r\n<td valign=\"top\" width=\"384\">\r\n<div>Hakkeb\u00f8f m. bl\u00f8de l\u00f8g, r\u00f8dbede<\/div><\/td>\r\n<td valign=\"top\" width=\"96\"><\/td>\r\n<\/tr>\r\n<\/tbody>\r\n<\/table>","_et_gb_content_width":"","footnotes":""},"class_list":["post-43","page","type-page","status-publish","hentry"],"_links":{"self":[{"href":"https:\/\/dlkt-roskilde.dk\/index.php?rest_route=\/wp\/v2\/pages\/43","targetHints":{"allow":["GET"]}}],"collection":[{"href":"https:\/\/dlkt-roskilde.dk\/index.php?rest_route=\/wp\/v2\/pages"}],"about":[{"href":"https:\/\/dlkt-roskilde.dk\/index.php?rest_route=\/wp\/v2\/types\/page"}],"author":[{"embeddable":true,"href":"https:\/\/dlkt-roskilde.dk\/index.php?rest_route=\/wp\/v2\/users\/1"}],"replies":[{"embeddable":true,"href":"https:\/\/dlkt-roskilde.dk\/index.php?rest_route=%2Fwp%2Fv2%2Fcomments&post=43"}],"version-history":[{"count":20,"href":"https:\/\/dlkt-roskilde.dk\/index.php?rest_route=\/wp\/v2\/pages\/43\/revisions"}],"predecessor-version":[{"id":3249,"href":"https:\/\/dlkt-roskilde.dk\/index.php?rest_route=\/wp\/v2\/pages\/43\/revisions\/3249"}],"wp:attachment":[{"href":"https:\/\/dlkt-roskilde.dk\/index.php?rest_route=%2Fwp%2Fv2%2Fmedia&parent=43"}],"curies":[{"name":"wp","href":"https:\/\/api.w.org\/{rel}","templated":true}]}}