{"id":44,"date":"2016-02-23T10:22:01","date_gmt":"2016-02-23T10:22:01","guid":{"rendered":"http:\/\/dlkt-roskilde.dk\/wordpress\/?page_id=44"},"modified":"2025-09-10T14:39:08","modified_gmt":"2025-09-10T13:39:08","slug":"kolde-anretninger","status":"publish","type":"page","link":"https:\/\/dlkt-roskilde.dk\/?page_id=44","title":{"rendered":"Kolde anretninger"},"content":{"rendered":"<p>[et_pb_section admin_label=&#8221;section&#8221;]<br \/>\n\t\t\t[et_pb_row admin_label=&#8221;row&#8221;]<br \/>\n\t\t\t\t[et_pb_column type=&#8221;4_4&#8243;][et_pb_text admin_label=&#8221;Text&#8221;]Glaceret skinke<br \/>\nFl\u00f8dekartofler eller kartoffelsalat<br \/>\nGr\u00f8n salat m. dressing<br \/>\nPr. couv. Kr. 105,-<\/p>\n<p>Helstegt oksefilet<br \/>\nFl\u00f8dekartofler<br \/>\nHusets salat m. dressing<br \/>\nPr. couv. Kr. 150,-<\/p>\n<p>Anretning :<br \/>\nHelstegt oksefilet<br \/>\nGlaceret skinke<br \/>\nHjemmelavet frikadeller<br \/>\nFl\u00f8dekartofler eller kartoffelsalat<br \/>\nPastasalat m. dressing<br \/>\nPr. couv. Kr. 250,-<\/p>\n<p>*hvis man \u00f8nsker k\u00f8det varmt, leveres det i varmekasse,<br \/>\nog man udsk\u00e6rer det selv.<\/p>\n<p>Min. 10 couverter[\/et_pb_text][\/et_pb_column]<br \/>\n\t\t\t[\/et_pb_row]<br \/>\n\t\t[\/et_pb_section]<\/p>\n","protected":false},"excerpt":{"rendered":"<p>Glaceret skinke Fl\u00f8dekartofler eller kartoffelsalat Gr\u00f8n salat m. dressing Pr. couv. Kr. 105,- Helstegt oksefilet Fl\u00f8dekartofler Husets salat m. dressing Pr. couv. Kr. 150,- Anretning : Helstegt oksefilet Glaceret skinke Hjemmelavet frikadeller Fl\u00f8dekartofler eller kartoffelsalat Pastasalat m. dressing Pr. couv. Kr. 250,- *hvis man \u00f8nsker k\u00f8det varmt, leveres det i varmekasse, og man udsk\u00e6rer det [&hellip;]<\/p>\n","protected":false},"author":1,"featured_media":0,"parent":0,"menu_order":0,"comment_status":"closed","ping_status":"closed","template":"","meta":{"_et_pb_use_builder":"on","_et_pb_old_content":"Glaceret skinke\r\nFl\u00f8dekartofler eller kartoffelsalat\r\nGr\u00f8n salat m. dressing\r\nPr. couv. Kr. 105,-\r\n\r\nHelstegt oksefilet\r\nFl\u00f8dekartofler\r\nHusets salat m. dressing\r\nPr. couv. Kr. 150,-\r\n\r\nAnretning :\r\nHelstegt oksefilet\r\nGlaceret skinke\r\nHjemmelavet frikadeller\r\nFl\u00f8dekartofler eller kartoffelsalat\r\nPastasalat m. dressing\r\nPr. couv. Kr. 250,-\r\n\r\n*hvis man \u00f8nsker k\u00f8det varmt, leveres det i varmekasse,\r\nog man udsk\u00e6rer det selv.\r\n\r\nMin. 10 couverter","_et_gb_content_width":"","footnotes":""},"class_list":["post-44","page","type-page","status-publish","hentry"],"_links":{"self":[{"href":"https:\/\/dlkt-roskilde.dk\/index.php?rest_route=\/wp\/v2\/pages\/44","targetHints":{"allow":["GET"]}}],"collection":[{"href":"https:\/\/dlkt-roskilde.dk\/index.php?rest_route=\/wp\/v2\/pages"}],"about":[{"href":"https:\/\/dlkt-roskilde.dk\/index.php?rest_route=\/wp\/v2\/types\/page"}],"author":[{"embeddable":true,"href":"https:\/\/dlkt-roskilde.dk\/index.php?rest_route=\/wp\/v2\/users\/1"}],"replies":[{"embeddable":true,"href":"https:\/\/dlkt-roskilde.dk\/index.php?rest_route=%2Fwp%2Fv2%2Fcomments&post=44"}],"version-history":[{"count":4,"href":"https:\/\/dlkt-roskilde.dk\/index.php?rest_route=\/wp\/v2\/pages\/44\/revisions"}],"predecessor-version":[{"id":3402,"href":"https:\/\/dlkt-roskilde.dk\/index.php?rest_route=\/wp\/v2\/pages\/44\/revisions\/3402"}],"wp:attachment":[{"href":"https:\/\/dlkt-roskilde.dk\/index.php?rest_route=%2Fwp%2Fv2%2Fmedia&parent=44"}],"curies":[{"name":"wp","href":"https:\/\/api.w.org\/{rel}","templated":true}]}}