{"id":45,"date":"2016-02-23T10:22:06","date_gmt":"2016-02-23T10:22:06","guid":{"rendered":"http:\/\/dlkt-roskilde.dk\/wordpress\/?page_id=45"},"modified":"2025-01-31T15:49:37","modified_gmt":"2025-01-31T14:49:37","slug":"platter","status":"publish","type":"page","link":"https:\/\/dlkt-roskilde.dk\/?page_id=45","title":{"rendered":"Platter"},"content":{"rendered":"<table border=\"0\" width=\"700\" cellspacing=\"0\" cellpadding=\"2\">\n<tbody>\n<tr>\n<td>\n<div><b><span style=\"font-size: medium;\">Kornerupsg\u00e5rdsplatten : Pr. couv. 135,-<\/span><\/b><\/div>\n<\/td>\n<td>\n<div><b><span style=\"font-size: medium;\">Platte nr. 3 : pr. couv. 155,-<\/span><\/b><\/div>\n<\/td>\n<\/tr>\n<tr>\n<td valign=\"top\">Marineret sild m. r\u00e5 l\u00f8g<br \/>\n\u00c6g m. mayonaise og rejer<br \/>\n2 stk. hjemmelavet frikadeller m. r\u00f8dk\u00e5l<br \/>\nSkinke m. r\u00f8r\u00e6g og asparges<br \/>\nBrie m. druer<\/td>\n<td valign=\"top\">\u00c6g m. karrysalat og marineret sild<br \/>\nR\u00f8get laks m. r\u00f8r\u00e6g og asparges<br \/>\n2 stk. hjemmelavet frikadeller m. r\u00f8dk\u00e5l<br \/>\nOksebryst m. pickles og peberrodsalat<br \/>\nDyrl\u00e6gens natmad<br \/>\nDanablue m. r\u00e5 l\u00f8g og \u00e6ggeblomme<\/td>\n<\/tr>\n<tr>\n<td><\/td>\n<td><\/td>\n<\/tr>\n<tr>\n<td>\n<div><b><span style=\"font-size: medium;\">Platte nr. 1 : Pr. couv. 135,- <\/span><\/b><\/div>\n<\/td>\n<td>\n<div><b><span style=\"font-size: medium;\">Platte nr. 4 : pr. couv. 155,-<\/span><\/b><\/div>\n<\/td>\n<\/tr>\n<tr>\n<td>Marineret sild m. r\u00e5 l\u00f8g<br \/>\nR\u00f8dsp\u00e6ttefilet m. remoulade og citron<br \/>\nLeverpostej m. champignon og bacon<br \/>\nH\u00e5ndsk\u00e5ret steg m. r\u00f8dk\u00e5l og agurkesalat<br \/>\nBrie m. druer<\/td>\n<td>Stegt sild m. r\u00e5 l\u00f8g<br \/>\nHjemmelavet rejesalat<br \/>\nM\u00f8rbradb\u00f8f m. bl\u00f8de l\u00f8g og champignon<br \/>\nH\u00e5ndsk\u00e5ret steg m. r\u00f8dk\u00e5l og agurkesalat<br \/>\nDanablue m. r\u00e5 l\u00f8g og \u00e6ggeblomme<\/td>\n<\/tr>\n<tr>\n<td><\/td>\n<td><\/td>\n<\/tr>\n<tr>\n<td>\n<div><b><span style=\"font-size: medium;\">\u00a0Platte nr. 2 : Pr. couv. 145,-<\/span><\/b><\/div>\n<\/td>\n<td>\n<div><b><span style=\"font-size: medium;\">\u00a0Platte nr. 5 : (min. 6 couv.) pr. couv. 200,-<\/span><\/b><\/div>\n<\/td>\n<\/tr>\n<tr>\n<td>Kryddersild m. r\u00e5 l\u00f8g<br \/>\nR\u00f8get laks m. r\u00f8r\u00e6g og asparges<br \/>\nRoastbeef m. remoulade og stegte l\u00f8g<br \/>\nM\u00f8rbradb\u00f8f m. bl\u00f8de l\u00f8g og champignon<br \/>\nGorgonzola m. r\u00e5 l\u00f8g og \u00e6ggeblomme<\/td>\n<td>R\u00f8dsp\u00e6ttefilet m. rejer<br \/>\nR\u00f8get laks m. r\u00f8r\u00e6g og asparges<br \/>\nH\u00f8nsesalat m. bacon<br \/>\nM\u00f8rbradb\u00f8f m. bl\u00f8de l\u00f8g og champignon<br \/>\nAndebryst m. r\u00f8dk\u00e5lsalat<br \/>\nGorgonzola m. r\u00e5 l\u00f8g og \u00e6ggeblomme<\/td>\n<\/tr>\n<tr>\n<td><\/td>\n<td><\/td>\n<\/tr>\n<tr>\n<td>\u00d8nskes br\u00f8d og sm\u00f8r kr. 25,- pr. person<\/td>\n<td><\/td>\n<\/tr>\n<\/tbody>\n<\/table>\n","protected":false},"excerpt":{"rendered":"<p>Kornerupsg\u00e5rdsplatten : Pr. couv. 135,- Platte nr. 3 : pr. couv. 155,- Marineret sild m. r\u00e5 l\u00f8g \u00c6g m. mayonaise og rejer 2 stk. hjemmelavet frikadeller m. r\u00f8dk\u00e5l Skinke m. r\u00f8r\u00e6g og asparges Brie m. druer \u00c6g m. karrysalat og marineret sild R\u00f8get laks m. r\u00f8r\u00e6g og asparges 2 stk. hjemmelavet frikadeller m. r\u00f8dk\u00e5l Oksebryst [&hellip;]<\/p>\n","protected":false},"author":1,"featured_media":0,"parent":0,"menu_order":0,"comment_status":"closed","ping_status":"closed","template":"","meta":{"_et_pb_use_builder":"","_et_pb_old_content":"","_et_gb_content_width":"","footnotes":""},"class_list":["post-45","page","type-page","status-publish","hentry"],"_links":{"self":[{"href":"https:\/\/dlkt-roskilde.dk\/index.php?rest_route=\/wp\/v2\/pages\/45","targetHints":{"allow":["GET"]}}],"collection":[{"href":"https:\/\/dlkt-roskilde.dk\/index.php?rest_route=\/wp\/v2\/pages"}],"about":[{"href":"https:\/\/dlkt-roskilde.dk\/index.php?rest_route=\/wp\/v2\/types\/page"}],"author":[{"embeddable":true,"href":"https:\/\/dlkt-roskilde.dk\/index.php?rest_route=\/wp\/v2\/users\/1"}],"replies":[{"embeddable":true,"href":"https:\/\/dlkt-roskilde.dk\/index.php?rest_route=%2Fwp%2Fv2%2Fcomments&post=45"}],"version-history":[{"count":9,"href":"https:\/\/dlkt-roskilde.dk\/index.php?rest_route=\/wp\/v2\/pages\/45\/revisions"}],"predecessor-version":[{"id":3239,"href":"https:\/\/dlkt-roskilde.dk\/index.php?rest_route=\/wp\/v2\/pages\/45\/revisions\/3239"}],"wp:attachment":[{"href":"https:\/\/dlkt-roskilde.dk\/index.php?rest_route=%2Fwp%2Fv2%2Fmedia&parent=45"}],"curies":[{"name":"wp","href":"https:\/\/api.w.org\/{rel}","templated":true}]}}