{"id":46,"date":"2016-02-23T10:25:52","date_gmt":"2016-02-23T10:25:52","guid":{"rendered":"http:\/\/dlkt-roskilde.dk\/wordpress\/?page_id=46"},"modified":"2025-12-08T14:22:42","modified_gmt":"2025-12-08T13:22:42","slug":"jul","status":"publish","type":"page","link":"https:\/\/dlkt-roskilde.dk\/?page_id=46","title":{"rendered":"Jul"},"content":{"rendered":"<p>[et_pb_section fb_built=&#8221;1&#8243; admin_label=&#8221;section&#8221; _builder_version=&#8221;4.16&#8243; global_colors_info=&#8221;{}&#8221;][et_pb_row admin_label=&#8221;row&#8221; _builder_version=&#8221;4.16&#8243; background_size=&#8221;initial&#8221; background_position=&#8221;top_left&#8221; background_repeat=&#8221;repeat&#8221; global_colors_info=&#8221;{}&#8221;][et_pb_column type=&#8221;4_4&#8243; _builder_version=&#8221;4.16&#8243; custom_padding=&#8221;|||&#8221; global_colors_info=&#8221;{}&#8221; custom_padding__hover=&#8221;|||&#8221;][et_pb_text admin_label=&#8221;Text&#8221; _builder_version=&#8221;4.27.4&#8243; background_size=&#8221;initial&#8221; background_position=&#8221;top_left&#8221; background_repeat=&#8221;repeat&#8221; global_colors_info=&#8221;{}&#8221;]<\/p>\n<p>&nbsp;<\/p>\n<p><strong>Julebuffet<\/strong><\/p>\n<p>3 slags sild ( marineret, krydder, karry)<br \/>Fiskefilet m. citron og remoulade<br \/>Hjemmelavet h\u00f8nsesalat m. bacon<br \/>M\u00f8rbradb\u00f8f m. champignon og bl\u00f8de l\u00f8g<br \/>Fl\u00e6skesteg m. hjemmelavet r\u00f8dk\u00e5l og agurkesalat<br \/>Andesteg m. \u00e6bler og svesker<br \/>Ris a`la mande m. kirseb\u00e6rsauce<br \/>Osteanretning m. 3 slags ost m. radiser og druer<\/p>\n<p>Min. 8 personer. Pris pr. person kr. 300,-<\/p>\n<p><strong>Juleplatte nr. 1<br \/><\/strong><br \/>Valgfri sild<br \/>Gravad laks m. sennepsdressing<br \/>M\u00f8rbradb\u00f8f m. champignon og bl\u00f8de l\u00f8g<br \/>Andesteg m. \u00e6bler og svesker<br \/>Ris a`la mande m. kirseb\u00e6rsauce <strong>eller<\/strong> brieost m. druer<\/p>\n<p>Pris pr. person. kr. 170,-<\/p>\n<p><strong>Juleplatte nr. 2<br \/><\/strong><br \/>Valgfri sild<br \/>R\u00f8dsp\u00e6ttefilet m. remoulade og citron<br \/>Hjemmelavet h\u00f8nsesalat m. bacon<br \/>Fl\u00e6skesteg m. hjemmelavet r\u00f8dk\u00e5l og agurkesalat<br \/>Andesteg m. \u00e6bler og svesker<br \/>Ris a`la mande m. kirseb\u00e6rsauce <strong>eller<\/strong> gorgonzola m. druer<\/p>\n<p>Pris pr. person kr. 200,-<\/p>\n<p><strong>\u00d8nskes br\u00f8d og sm\u00f8r : kr. 25,- pr. person<\/strong><\/p>\n<p>[\/et_pb_text][\/et_pb_column][\/et_pb_row][\/et_pb_section]<\/p>\n","protected":false},"excerpt":{"rendered":"<p>&nbsp; Julebuffet 3 slags sild ( marineret, krydder, karry)Fiskefilet m. citron og remouladeHjemmelavet h\u00f8nsesalat m. baconM\u00f8rbradb\u00f8f m. champignon og bl\u00f8de l\u00f8gFl\u00e6skesteg m. hjemmelavet r\u00f8dk\u00e5l og agurkesalatAndesteg m. \u00e6bler og sveskerRis a`la mande m. kirseb\u00e6rsauceOsteanretning m. 3 slags ost m. radiser og druer Min. 8 personer. Pris pr. person kr. 300,- Juleplatte nr. 1Valgfri sildGravad laks [&hellip;]<\/p>\n","protected":false},"author":1,"featured_media":0,"parent":0,"menu_order":0,"comment_status":"closed","ping_status":"closed","template":"","meta":{"_et_pb_use_builder":"on","_et_pb_old_content":"<strong>Julebuffet nr. 1<\/strong>\r\n3 slags sild ( marineret, krydder, karry )\r\nFiskefilet m. citron og remoulade\r\nM\u00f8rbradb\u00f8f m. champignon og bl\u00f8de l\u00f8g\r\nFl\u00e6skesteg m. hjemmelavet r\u00f8dk\u00e5l og agurkesalat\r\nAndesteg m. \u00e6bler og svesker\r\nRis a`la mande m. kirseb\u00e6rsauce\r\nOsteanretning m. 2 slags ost m. radiser og druer\r\n\r\nMin. 8 personer. Pris pr. person kr. 250,-\r\n\r\n<strong>Julebuffet nr. 2<\/strong>\r\n\r\n3 slags sild ( marineret, krydder, karry)\r\nFiskefilet m. citron og remoulade\r\nR\u00f8get \u00e5l m. r\u00f8r\u00e6g og purl\u00f8g\r\nHjemmelavet h\u00f8nsesalat m. bacon\r\nM\u00f8rbradb\u00f8f m. champignon og bl\u00f8de l\u00f8g\r\nFl\u00e6skesteg m. hjemmelavet r\u00f8dk\u00e5l og agurkesalat\r\nAndesteg m. \u00e6bler og svesker\r\nRis a`la mande m. kirseb\u00e6rsauce\r\nOsteanretning m. 3 slags ost m. radiser og druer\r\n\r\nMin. 8 personer. Pris pr. person kr. 300,-\r\n\r\n<strong>Juleplatte nr. 1<\/strong>\r\nValgfri sild\r\nGraved laks m. sennepsdressing\r\nM\u00f8rbradb\u00f8f m. champignon og bl\u00f8de l\u00f8g\r\nAndesteg m. \u00e6bler og svesker\r\nRis a`la mande m. kirseb\u00e6rsauce <strong>eller<\/strong> brieost m. druer\r\n\r\nPris pr. person. kr. 170,-\r\n\r\n<strong>Juleplatte nr. 2<\/strong>\r\nValgfri sild\r\nR\u00f8dsp\u00e6ttefilet m. remoulade og citron\r\nR\u00f8get \u00e5l m. r\u00f8r\u00e6g og purl\u00f8g\r\nHjemmelavet h\u00f8nsesalat m. bacon\r\nFl\u00e6skesteg m. hjemmelavet r\u00f8dk\u00e5l og agurkesalat\r\nAndesteg m. \u00e6bler og svesker\r\nRis a`la mande m. kirseb\u00e6rsauce <strong>eller<\/strong> gorgonzola m. druer\r\n\r\nPris pr. person kr. 200,-\r\n\r\n<strong>\u00d8nskes br\u00f8d og sm\u00f8r : kr. 25,- pr. person<\/strong>","_et_gb_content_width":"","footnotes":""},"class_list":["post-46","page","type-page","status-publish","hentry"],"_links":{"self":[{"href":"https:\/\/dlkt-roskilde.dk\/index.php?rest_route=\/wp\/v2\/pages\/46","targetHints":{"allow":["GET"]}}],"collection":[{"href":"https:\/\/dlkt-roskilde.dk\/index.php?rest_route=\/wp\/v2\/pages"}],"about":[{"href":"https:\/\/dlkt-roskilde.dk\/index.php?rest_route=\/wp\/v2\/types\/page"}],"author":[{"embeddable":true,"href":"https:\/\/dlkt-roskilde.dk\/index.php?rest_route=\/wp\/v2\/users\/1"}],"replies":[{"embeddable":true,"href":"https:\/\/dlkt-roskilde.dk\/index.php?rest_route=%2Fwp%2Fv2%2Fcomments&post=46"}],"version-history":[{"count":17,"href":"https:\/\/dlkt-roskilde.dk\/index.php?rest_route=\/wp\/v2\/pages\/46\/revisions"}],"predecessor-version":[{"id":3588,"href":"https:\/\/dlkt-roskilde.dk\/index.php?rest_route=\/wp\/v2\/pages\/46\/revisions\/3588"}],"wp:attachment":[{"href":"https:\/\/dlkt-roskilde.dk\/index.php?rest_route=%2Fwp%2Fv2%2Fmedia&parent=46"}],"curies":[{"name":"wp","href":"https:\/\/api.w.org\/{rel}","templated":true}]}}