{"id":47,"date":"2016-02-23T10:26:25","date_gmt":"2016-02-23T10:26:25","guid":{"rendered":"http:\/\/dlkt-roskilde.dk\/wordpress\/?page_id=47"},"modified":"2026-01-27T10:42:32","modified_gmt":"2026-01-27T09:42:32","slug":"koldt-bord","status":"publish","type":"page","link":"https:\/\/dlkt-roskilde.dk\/?page_id=47","title":{"rendered":"Koldt bord"},"content":{"rendered":"<p>[et_pb_section fb_built=&#8221;1&#8243; admin_label=&#8221;section&#8221; _builder_version=&#8221;4.16&#8243; global_colors_info=&#8221;{}&#8221;][et_pb_row admin_label=&#8221;row&#8221; _builder_version=&#8221;4.16&#8243; background_size=&#8221;initial&#8221; background_position=&#8221;top_left&#8221; background_repeat=&#8221;repeat&#8221; global_colors_info=&#8221;{}&#8221;][et_pb_column type=&#8221;4_4&#8243; _builder_version=&#8221;4.16&#8243; custom_padding=&#8221;|||&#8221; global_colors_info=&#8221;{}&#8221; custom_padding__hover=&#8221;|||&#8221;][et_pb_text admin_label=&#8221;Text&#8221; _builder_version=&#8221;4.27.4&#8243; background_size=&#8221;initial&#8221; background_position=&#8221;top_left&#8221; background_repeat=&#8221;repeat&#8221; hover_enabled=&#8221;0&#8243; global_colors_info=&#8221;{}&#8221; sticky_enabled=&#8221;0&#8243;]<\/p>\n<p>V\u00e6lg 8 forskellige retter, incl. br\u00f8d og sm\u00f8r, kr. 300,- pr. person<\/p>\n<div>Eventuelle \u00f8nsker derudover: kr. 30,- pr. person pr. enhed<\/div>\n<div>\u00a0<\/div>\n<div>\n<p>KOLDT:<br \/>1.Marineret sild og karrysild m. l\u00f8gringe<br \/>2.\u00bd \u00e6g m. rejer, mayonaise og citron<br \/>3.Graved laks m. sennepsdressing<br \/>4.Ferskr\u00f8get laks m. asparges<br \/>5.Laksepate m. sauce verte<br \/>6.H\u00f8nsesalat m. bacon<br \/>7.Melon m. serranoskinke<br \/>8.Roastbeef m. remoulade og stegte l\u00f8g<br \/>9.Oksebryst m. pickles og fl\u00f8depeberrod<br \/>10.Saltk\u00f8d, leverpostej, sky og r\u00e5 l\u00f8g<br \/>11.Sylte m. r\u00f8dbeder og sennep<br \/>12.Pate m. cornichons<br \/>13.Rullep\u00f8lse m. sky og r\u00e5 l\u00f8g<br \/>14.Gr\u00f8n blandet salat og kartoffelsalatLUNT :<br \/>15.R\u00f8dsp\u00e6ttefilet m. remoulade og citron<br \/>16.Tarteletter m. h\u00f8ns i asparges<br \/>17.Porre \/ skinke t\u00e6rte<br \/>18.Leverpostej m. bacon og champignon<br \/>19.Sm\u00e5 hjemmelavet frikadeller<br \/>20.Fl\u00e6skesteg m. r\u00f8dk\u00e5l og agurkesalat<br \/>21.M\u00f8rbradb\u00f8f m. bl\u00f8de l\u00f8g og surt<br \/>22.Hakkeb\u00f8f m. bl\u00f8de l\u00f8g og surt<br \/>23.Berberi andebryst m. r\u00f8dk\u00e5lsalat.<br \/>24.Revelsben m. r\u00f8dk\u00e5l.<br \/>25.\u00c6blefl\u00e6sk.<\/p>\n<p>AFSLUTNING :<br \/>26.Osteanretning<br \/>27.Brie m. druer<br \/>28.Fl\u00f8defrugtsalat i chokoladesk\u00e5le<br \/>29.Frugtt\u00e6rte m. creme fraiche<br \/>30.Frisk frugt ( anretning )<br \/>31.Ris a`la mande m. kirseb\u00e6rsauc<\/p>\n<\/div>\n<div>Min. 10 couverter<\/div>\n<p>[\/et_pb_text][\/et_pb_column][\/et_pb_row][\/et_pb_section]<\/p>\n","protected":false},"excerpt":{"rendered":"<p>V\u00e6lg 8 forskellige retter, incl. br\u00f8d og sm\u00f8r, kr. 300,- pr. person Eventuelle \u00f8nsker derudover: kr. 30,- pr. person pr. enhed \u00a0 KOLDT:1.Marineret sild og karrysild m. l\u00f8gringe2.\u00bd \u00e6g m. rejer, mayonaise og citron3.Graved laks m. sennepsdressing4.Ferskr\u00f8get laks m. asparges5.Laksepate m. sauce verte6.H\u00f8nsesalat m. bacon7.Melon m. serranoskinke8.Roastbeef m. remoulade og stegte l\u00f8g9.Oksebryst m. pickles og [&hellip;]<\/p>\n","protected":false},"author":1,"featured_media":0,"parent":0,"menu_order":0,"comment_status":"closed","ping_status":"closed","template":"","meta":{"_et_pb_use_builder":"on","_et_pb_old_content":"V\u00e6lg 8 forskellige retter, incl. br\u00f8d og sm\u00f8r, kr. 250,- pr. person\r\n<div>Eventuelle \u00f8nsker derudover: kr. 30,- pr. person pr. enhed<\/div>\r\n<div><\/div>\r\n<div>KOLDT:\r\n1.Marineret sild og karrysild m. l\u00f8gringe\r\n2.\u00bd \u00e6g m. rejer, mayonaise og citron\r\n3.Graved laks m. sennepsdressing\r\n4.Ferskr\u00f8get laks m. asparges\r\n5.Laksepate m. sauce verte\r\n6.H\u00f8nsesalat m. bacon\r\n7.Melon m. serranoskinke\r\n8.Roastbeef m. remoulade og stegte l\u00f8g\r\n9.Oksebryst m. pickles og fl\u00f8depeberrod\r\n10.Saltk\u00f8d, leverpostej, sky og r\u00e5 l\u00f8g\r\n11.Sylte m. r\u00f8dbeder og sennep\r\n12.Pate m. cornichons\r\n13.Rullep\u00f8lse m. sky og r\u00e5 l\u00f8g\r\n14.Gr\u00f8n blandet salat og kartoffelsalatLUNT :\r\n15.R\u00f8dsp\u00e6ttefilet m. remoulade og citron\r\n16.Tarteletter m. h\u00f8ns i asparges\r\n17.Porre \/ skinke t\u00e6rte\r\n18.Leverpostej m. bacon og champignon\r\n19.Sm\u00e5 hjemmelavet frikadeller\r\n20.Fl\u00e6skesteg m. r\u00f8dk\u00e5l og agurkesalat\r\n21.M\u00f8rbradb\u00f8f m. bl\u00f8de l\u00f8g og surt\r\n22.Hakkeb\u00f8f m. bl\u00f8de l\u00f8g og surt\r\n23.Berberi andebryst m. r\u00f8dk\u00e5lsalat.\r\n24.Revelsben m. r\u00f8dk\u00e5l.\r\n25.\u00c6blefl\u00e6sk.\r\n\r\nAFSLUTNING :\r\n26.Osteanretning\r\n27.Brie m. druer\r\n28.Fl\u00f8defrugtsalat i chokoladesk\u00e5le\r\n29.Frugtt\u00e6rte m. creme fraiche\r\n30.Frisk frugt ( anretning )\r\n31.Ris a`la mande m. kirseb\u00e6rsauc\r\n\r\n<\/div>\r\n<div>Min. 10 couverter<\/div>","_et_gb_content_width":"","footnotes":""},"class_list":["post-47","page","type-page","status-publish","hentry"],"_links":{"self":[{"href":"https:\/\/dlkt-roskilde.dk\/index.php?rest_route=\/wp\/v2\/pages\/47","targetHints":{"allow":["GET"]}}],"collection":[{"href":"https:\/\/dlkt-roskilde.dk\/index.php?rest_route=\/wp\/v2\/pages"}],"about":[{"href":"https:\/\/dlkt-roskilde.dk\/index.php?rest_route=\/wp\/v2\/types\/page"}],"author":[{"embeddable":true,"href":"https:\/\/dlkt-roskilde.dk\/index.php?rest_route=\/wp\/v2\/users\/1"}],"replies":[{"embeddable":true,"href":"https:\/\/dlkt-roskilde.dk\/index.php?rest_route=%2Fwp%2Fv2%2Fcomments&post=47"}],"version-history":[{"count":6,"href":"https:\/\/dlkt-roskilde.dk\/index.php?rest_route=\/wp\/v2\/pages\/47\/revisions"}],"predecessor-version":[{"id":3674,"href":"https:\/\/dlkt-roskilde.dk\/index.php?rest_route=\/wp\/v2\/pages\/47\/revisions\/3674"}],"wp:attachment":[{"href":"https:\/\/dlkt-roskilde.dk\/index.php?rest_route=%2Fwp%2Fv2%2Fmedia&parent=47"}],"curies":[{"name":"wp","href":"https:\/\/api.w.org\/{rel}","templated":true}]}}