{"id":243,"date":"2016-02-23T15:20:10","date_gmt":"2016-02-23T14:20:10","guid":{"rendered":"http:\/\/dlkt-roskilde.dk\/?post_type=product&#038;p=243"},"modified":"2025-01-31T15:56:43","modified_gmt":"2025-01-31T14:56:43","slug":"koedpoelse-m-remoulade-rist-loeg","status":"publish","type":"product","link":"https:\/\/dlkt-roskilde.dk\/?product=koedpoelse-m-remoulade-rist-loeg","title":{"rendered":"K\u00f8dp\u00f8lse m. remoulade, rist. l\u00f8g"},"content":{"rendered":"","protected":false},"excerpt":{"rendered":"","protected":false},"featured_media":0,"comment_status":"closed","ping_status":"closed","template":"","meta":{"_et_pb_use_builder":"","_et_pb_old_content":"","_et_gb_content_width":""},"product_brand":[],"product_cat":[7,9],"product_tag":[],"class_list":{"0":"post-243","1":"product","2":"type-product","3":"status-publish","5":"product_cat-haandmadder","6":"product_cat-alle-varer","8":"first","9":"instock","10":"taxable","11":"shipping-taxable","12":"purchasable","13":"product-type-simple"},"_links":{"self":[{"href":"https:\/\/dlkt-roskilde.dk\/index.php?rest_route=\/wp\/v2\/product\/243","targetHints":{"allow":["GET"]}}],"collection":[{"href":"https:\/\/dlkt-roskilde.dk\/index.php?rest_route=\/wp\/v2\/product"}],"about":[{"href":"https:\/\/dlkt-roskilde.dk\/index.php?rest_route=\/wp\/v2\/types\/product"}],"replies":[{"embeddable":true,"href":"https:\/\/dlkt-roskilde.dk\/index.php?rest_route=%2Fwp%2Fv2%2Fcomments&post=243"}],"wp:attachment":[{"href":"https:\/\/dlkt-roskilde.dk\/index.php?rest_route=%2Fwp%2Fv2%2Fmedia&parent=243"}],"wp:term":[{"taxonomy":"product_brand","embeddable":true,"href":"https:\/\/dlkt-roskilde.dk\/index.php?rest_route=%2Fwp%2Fv2%2Fproduct_brand&post=243"},{"taxonomy":"product_cat","embeddable":true,"href":"https:\/\/dlkt-roskilde.dk\/index.php?rest_route=%2Fwp%2Fv2%2Fproduct_cat&post=243"},{"taxonomy":"product_tag","embeddable":true,"href":"https:\/\/dlkt-roskilde.dk\/index.php?rest_route=%2Fwp%2Fv2%2Fproduct_tag&post=243"}],"curies":[{"name":"wp","href":"https:\/\/api.w.org\/{rel}","templated":true}]}}